{"id":13824,"date":"2022-09-09T14:04:50","date_gmt":"2022-09-09T14:04:50","guid":{"rendered":"https:\/\/paralik.com\/?page_id=13824"},"modified":"2022-10-10T07:56:10","modified_gmt":"2022-10-10T07:56:10","slug":"our-branches","status":"publish","type":"page","link":"https:\/\/paralik.com\/en\/our-branches\/","title":{"rendered":"Our Branches"},"content":{"rendered":"\t\t<div data-elementor-type=\"wp-page\" data-elementor-id=\"13824\" class=\"elementor elementor-13824\">\n\t\t\t\t\t\t\t\t\t<section class=\"elementor-section elementor-top-section elementor-element elementor-element-b93faab elementor-section-full_width rs-z_index_1 elementor-section-stretched elementor-section-height-default elementor-section-height-default\" data-id=\"b93faab\" data-element_type=\"section\" data-settings=\"{&quot;stretch_section&quot;:&quot;section-stretched&quot;,&quot;background_background&quot;:&quot;classic&quot;}\">\n\t\t\t\t\t\t<div class=\"elementor-container elementor-column-gap-no\">\n\t\t\t\t\t<div class=\"elementor-column elementor-col-100 elementor-top-column elementor-element elementor-element-d28ca19\" data-id=\"d28ca19\" data-element_type=\"column\">\n\t\t\t<div class=\"elementor-widget-wrap elementor-element-populated\">\n\t\t\t\t\t\t\t\t<section class=\"elementor-section elementor-inner-section elementor-element elementor-element-e0eac87 elementor-section-boxed elementor-section-height-default elementor-section-height-default\" data-id=\"e0eac87\" data-element_type=\"section\">\n\t\t\t\t\t\t<div class=\"elementor-container elementor-column-gap-default\">\n\t\t\t\t\t<div class=\"elementor-column elementor-col-100 elementor-inner-column elementor-element elementor-element-b2b6583\" data-id=\"b2b6583\" data-element_type=\"column\">\n\t\t\t<div class=\"elementor-widget-wrap elementor-element-populated\">\n\t\t\t\t\t\t\t\t<div class=\"elementor-element elementor-element-c99c253 elementor-widget elementor-widget-rs-heading\" data-id=\"c99c253\" data-element_type=\"widget\" data-widget_type=\"rs-heading.default\">\n\t\t\t\t<div class=\"elementor-widget-container\">\n\t\t\t        <div class=\"rs-heading default center \">\r\n        \t<div class=\"title-inner\">\r\n        \t\t      \t\t\r\n\t            <span class=\"sub-text \">About Us<\/span><h2 class=\"title\"><span class=\"watermark\"><\/span>Our Branches<\/h2>\t        <\/div>\r\n\t                <\/div>\r\n\r\n        \t\t<\/div>\n\t\t\t\t<\/div>\n\t\t\t\t\t<\/div>\n\t\t<\/div>\n\t\t\t\t\t\t\t<\/div>\n\t\t<\/section>\n\t\t\t\t<section class=\"elementor-section elementor-inner-section elementor-element elementor-element-a3e49e0 elementor-section-boxed elementor-section-height-default elementor-section-height-default\" data-id=\"a3e49e0\" data-element_type=\"section\">\n\t\t\t\t\t\t<div class=\"elementor-container elementor-column-gap-default\">\n\t\t\t\t\t<div class=\"elementor-column elementor-col-50 elementor-inner-column elementor-element elementor-element-2a69c9d\" data-id=\"2a69c9d\" data-element_type=\"column\">\n\t\t\t<div class=\"elementor-widget-wrap elementor-element-populated\">\n\t\t\t\t\t\t\t\t<div class=\"elementor-element elementor-element-88e39e0 elementor-widget elementor-widget-rs-service-grid\" data-id=\"88e39e0\" data-element_type=\"widget\" data-widget_type=\"rs-service-grid.default\">\n\t\t\t\t<div class=\"elementor-widget-container\">\n\t\t\t\t\t\r\n\t\t<div class=\" rs-addon-services services-style1 service_shape_\">\r\n\t\t    <div class=\"services-part style9-top\">\r\n\r\n\r\n\t\t    \t\t\t\t    \t\t    \t\t\r\n\t\t    \t\r\n\t\t    \t\t\t\r\n\t\t    \t\t\t\t\t\t    \t\t\t<div class=\"services-icon  image \">\r\n\r\n\t\t\t\t\t    \t\t\r\n\t\t\t\t\t    \t\t\t\t\t\t\t\t    \t\t\t<img decoding=\"async\" class=\"main-img\" src=\"https:\/\/paralik.com\/wp-content\/uploads\/2022\/09\/lefkosa-merkez-photo.png\" alt=\"Nicosia Headquarters and Technical Service\"\/>\r\n\t\t\t\t\t    \t\t\t\r\n\r\n\t\t\t\t\t    \t\t\r\n\t\t\t\t\t    \t\t\t\t\t\t    \t\t<\/div>\r\n\t\t\t    \t\t\r\n\r\n\t\t    \t\t\t    \t\t       \r\n\t\t\t    <div class=\"services-text\">\r\n\r\n\t\t\t    \t\r\n\r\n\t\t\t    \t\t\t\t\t    \t<div class=\"services-title\">\t\t\t\t    \t\t\r\n\t\t\t\t    \t\t\t\t\t\t    \t\t\t<h2 class=\"title\"> Nicosia Headquarters and Technical Service<\/h2>\r\n\t\t\t\t    \t\t\t\t\t\t    \t\t\r\n\t\t\t\t    \t<\/div>\r\n\t\t\t    \t\t\r\n\r\n\t\t\t    \t\t\t\t    \t\t<p class=\"services-txt\">  Address: Industrial Zone, 6. St., No:14,\nNicosia, NORTH CYPRUS <br \/>\nTel: +90 392 225 3380<\/p>\t\r\n\t\t\t    \t\t\r\n\r\n\r\n\r\n\t\t\t    \t\t    \t    \t\t\t\t    \t\t    \t<div class=\"services-btn-part\">\r\n\t\t    \t\t    \t\t\t\t    \t\t    \t\t\r\n\t    \t\t    \t\t\t<a class=\"services-btn icon-after\" href=\"https:\/\/goo.gl\/maps\/1yZ4bh5R1DNC1Zky9\" target=_blank>\r\n\r\n\t    \t\t    \t\t\t\t<span class=\"btn_text\">\r\n\t    \t\t    \t\t\t\t\tShow on Map    \t\t\t\t\t\t\r\n\t    \t\t    \t\t\t\t<\/span>\r\n\r\n\t    \t\t    \t\t\t\t\t    \t\t    \t\t\t\t\t<i class=\"fa fa-angle-right\"><\/i>\r\n\t    \t\t    \t\t\t\t\r\n\t    \t\t    \t\t\t<\/a>\r\n\t\t    \t\t    \t<\/div>\r\n\r\n\r\n\r\n\t\t    \t\t    \t\r\n\t\t    \t    \t\t    \t    \t\r\n\r\n\r\n\r\n\t\t\t    <\/div>\r\n\t\t\t<\/div>\r\n\t\t<\/div>\t\r\n\t\t\r\n\t\t\t<\/div>\n\t\t\t\t<\/div>\n\t\t\t\t\t<\/div>\n\t\t<\/div>\n\t\t\t\t<div class=\"elementor-column elementor-col-50 elementor-inner-column elementor-element elementor-element-1c132be\" data-id=\"1c132be\" data-element_type=\"column\">\n\t\t\t<div class=\"elementor-widget-wrap elementor-element-populated\">\n\t\t\t\t\t\t\t\t<div class=\"elementor-element elementor-element-4e02975 elementor-widget elementor-widget-rs-service-grid\" data-id=\"4e02975\" data-element_type=\"widget\" data-widget_type=\"rs-service-grid.default\">\n\t\t\t\t<div class=\"elementor-widget-container\">\n\t\t\t\t\t\r\n\t\t<div class=\" rs-addon-services services-style1 service_shape_\">\r\n\t\t    <div class=\"services-part style9-top\">\r\n\r\n\r\n\t\t    \t\t\t\t    \t\t    \t\t\r\n\t\t    \t\r\n\t\t    \t\t\t\r\n\t\t    \t\t\t\t\t\t    \t\t\t<div class=\"services-icon  image \">\r\n\r\n\t\t\t\t\t    \t\t\r\n\t\t\t\t\t    \t\t\t\t\t\t\t\t    \t\t\t<img decoding=\"async\" class=\"main-img\" src=\"https:\/\/paralik.com\/wp-content\/uploads\/2022\/09\/magusa-sanayi-photo.jpg\" alt=\"Famagusta Branch &amp; Technical Service\"\/>\r\n\t\t\t\t\t    \t\t\t\r\n\r\n\t\t\t\t\t    \t\t\r\n\t\t\t\t\t    \t\t\t\t\t\t    \t\t<\/div>\r\n\t\t\t    \t\t\r\n\r\n\t\t    \t\t\t    \t\t       \r\n\t\t\t    <div class=\"services-text\">\r\n\r\n\t\t\t    \t\r\n\r\n\t\t\t    \t\t\t\t\t    \t<div class=\"services-title\">\t\t\t\t    \t\t\r\n\t\t\t\t    \t\t\t\t\t\t    \t\t\t<h2 class=\"title\"> Famagusta Branch &amp; Technical Service<\/h2>\r\n\t\t\t\t    \t\t\t\t\t\t    \t\t\r\n\t\t\t\t    \t<\/div>\r\n\t\t\t    \t\t\r\n\r\n\t\t\t    \t\t\t\t    \t\t<p class=\"services-txt\">  Famagusta Industrial Zone, 9. St.,\nFamagusta, NORTH CYPRUS <br \/>\nTel: +90 392 365 1464<\/p>\t\r\n\t\t\t    \t\t\r\n\r\n\r\n\r\n\t\t\t    \t\t    \t    \t\t\t\t    \t\t    \t<div class=\"services-btn-part\">\r\n\t\t    \t\t    \t\t\t\t    \t\t    \t\t\r\n\t    \t\t    \t\t\t<a class=\"services-btn icon-after\" href=\"https:\/\/www.google.com\/maps\/place\/Yusuf+Paralik+Yap%C4%B1+Market+-+Magusa\/@35.0875701,33.3311617,10z\/data=!4m5!3m4!1s0x14dfc9e47bc7e2e5:0x3d8ce0324188384c!8m2!3d35.1450917!4d33.9003987\" target=_blank>\r\n\r\n\t    \t\t    \t\t\t\t<span class=\"btn_text\">\r\n\t    \t\t    \t\t\t\t\tShow on Map    \t\t\t\t\t\t\r\n\t    \t\t    \t\t\t\t<\/span>\r\n\r\n\t    \t\t    \t\t\t\t\t    \t\t    \t\t\t\t\t<i class=\"fa fa-angle-right\"><\/i>\r\n\t    \t\t    \t\t\t\t\r\n\t    \t\t    \t\t\t<\/a>\r\n\t\t    \t\t    \t<\/div>\r\n\r\n\r\n\r\n\t\t    \t\t    \t\r\n\t\t    \t    \t\t    \t    \t\r\n\r\n\r\n\r\n\t\t\t    <\/div>\r\n\t\t\t<\/div>\r\n\t\t<\/div>\t\r\n\t\t\r\n\t\t\t<\/div>\n\t\t\t\t<\/div>\n\t\t\t\t\t<\/div>\n\t\t<\/div>\n\t\t\t\t\t\t\t<\/div>\n\t\t<\/section>\n\t\t\t\t<section class=\"elementor-section elementor-inner-section elementor-element elementor-element-2ec07ef elementor-section-boxed elementor-section-height-default elementor-section-height-default\" data-id=\"2ec07ef\" data-element_type=\"section\">\n\t\t\t\t\t\t<div class=\"elementor-container elementor-column-gap-default\">\n\t\t\t\t\t<div class=\"elementor-column elementor-col-50 elementor-inner-column elementor-element elementor-element-43d2b26\" data-id=\"43d2b26\" data-element_type=\"column\">\n\t\t\t<div class=\"elementor-widget-wrap elementor-element-populated\">\n\t\t\t\t\t\t\t\t<div class=\"elementor-element elementor-element-dde3636 elementor-widget elementor-widget-rs-service-grid\" data-id=\"dde3636\" data-element_type=\"widget\" data-widget_type=\"rs-service-grid.default\">\n\t\t\t\t<div class=\"elementor-widget-container\">\n\t\t\t\t\t\r\n\t\t<div class=\" rs-addon-services services-style1 service_shape_\">\r\n\t\t    <div class=\"services-part style9-top\">\r\n\r\n\r\n\t\t    \t\t\t\t    \t\t    \t\t\r\n\t\t    \t\r\n\t\t    \t\t\t\r\n\t\t    \t\t\t\t\t\t    \t\t\t<div class=\"services-icon  image \">\r\n\r\n\t\t\t\t\t    \t\t\r\n\t\t\t\t\t    \t\t\t\t\t\t\t\t    \t\t\t<img decoding=\"async\" class=\"main-img\" src=\"https:\/\/paralik.com\/wp-content\/uploads\/2022\/09\/lefkosa-k-kaymakli-photo.jpg\" alt=\"Nicosia K.Kaymakl\u0131 Branch\"\/>\r\n\t\t\t\t\t    \t\t\t\r\n\r\n\t\t\t\t\t    \t\t\r\n\t\t\t\t\t    \t\t\t\t\t\t    \t\t<\/div>\r\n\t\t\t    \t\t\r\n\r\n\t\t    \t\t\t    \t\t       \r\n\t\t\t    <div class=\"services-text\">\r\n\r\n\t\t\t    \t\r\n\r\n\t\t\t    \t\t\t\t\t    \t<div class=\"services-title\">\t\t\t\t    \t\t\r\n\t\t\t\t    \t\t\t\t\t\t    \t\t\t<h2 class=\"title\"> Nicosia K.Kaymakl\u0131 Branch<\/h2>\r\n\t\t\t\t    \t\t\t\t\t\t    \t\t\r\n\t\t\t\t    \t<\/div>\r\n\t\t\t    \t\t\r\n\r\n\t\t\t    \t\t\t\t    \t\t<p class=\"services-txt\">  Address: \u015eht. Mustafa A. Ruso St.,\nK. Kaymakl\u0131, Nicosia, NORTH CYPRUS <br \/>\nTel: +90 392 228 1005<\/p>\t\r\n\t\t\t    \t\t\r\n\r\n\r\n\r\n\t\t\t    \t\t    \t    \t\t\t\t    \t\t    \t<div class=\"services-btn-part\">\r\n\t\t    \t\t    \t\t\t\t    \t\t    \t\t\r\n\t    \t\t    \t\t\t<a class=\"services-btn icon-after\" href=\"https:\/\/www.google.com\/maps\/place\/35%C2%B011&#039;38.6%22N+33%C2%B022&#039;02.5%22E\/@35.1940571,33.3651591,17z\/data=!3m1!4b1!4m5!3m4!1s0x0:0x66f2d0c54775d752!8m2!3d35.1940527!4d33.3673478\" target=_blank>\r\n\r\n\t    \t\t    \t\t\t\t<span class=\"btn_text\">\r\n\t    \t\t    \t\t\t\t\tShow on Map    \t\t\t\t\t\t\r\n\t    \t\t    \t\t\t\t<\/span>\r\n\r\n\t    \t\t    \t\t\t\t\t    \t\t    \t\t\t\t\t<i class=\"fa fa-angle-right\"><\/i>\r\n\t    \t\t    \t\t\t\t\r\n\t    \t\t    \t\t\t<\/a>\r\n\t\t    \t\t    \t<\/div>\r\n\r\n\r\n\r\n\t\t    \t\t    \t\r\n\t\t    \t    \t\t    \t    \t\r\n\r\n\r\n\r\n\t\t\t    <\/div>\r\n\t\t\t<\/div>\r\n\t\t<\/div>\t\r\n\t\t\r\n\t\t\t<\/div>\n\t\t\t\t<\/div>\n\t\t\t\t\t<\/div>\n\t\t<\/div>\n\t\t\t\t<div class=\"elementor-column elementor-col-50 elementor-inner-column elementor-element elementor-element-8a7cdc2\" data-id=\"8a7cdc2\" data-element_type=\"column\">\n\t\t\t<div class=\"elementor-widget-wrap elementor-element-populated\">\n\t\t\t\t\t\t\t\t<div class=\"elementor-element elementor-element-f4b3bd4 elementor-widget elementor-widget-rs-service-grid\" data-id=\"f4b3bd4\" data-element_type=\"widget\" data-widget_type=\"rs-service-grid.default\">\n\t\t\t\t<div class=\"elementor-widget-container\">\n\t\t\t\t\t\r\n\t\t<div class=\" rs-addon-services services-style1 service_shape_\">\r\n\t\t    <div class=\"services-part style9-top\">\r\n\r\n\r\n\t\t    \t\t\t\t    \t\t    \t\t\r\n\t\t    \t\r\n\t\t    \t\t\t\r\n\t\t    \t\t\t\t\t\t    \t\t\t<div class=\"services-icon  image \">\r\n\r\n\t\t\t\t\t    \t\t\r\n\t\t\t\t\t    \t\t\t\t\t\t\t\t    \t\t\t<img decoding=\"async\" class=\"main-img\" src=\"https:\/\/paralik.com\/wp-content\/uploads\/2022\/09\/girne-karakum-photo.jpg\" alt=\"Kyrenia Branch and Technical Service\"\/>\r\n\t\t\t\t\t    \t\t\t\r\n\r\n\t\t\t\t\t    \t\t\r\n\t\t\t\t\t    \t\t\t\t\t\t    \t\t<\/div>\r\n\t\t\t    \t\t\r\n\r\n\t\t    \t\t\t    \t\t       \r\n\t\t\t    <div class=\"services-text\">\r\n\r\n\t\t\t    \t\r\n\r\n\t\t\t    \t\t\t\t\t    \t<div class=\"services-title\">\t\t\t\t    \t\t\r\n\t\t\t\t    \t\t\t\t\t\t    \t\t\t<h2 class=\"title\"> Kyrenia Branch and Technical Service<\/h2>\r\n\t\t\t\t    \t\t\t\t\t\t    \t\t\r\n\t\t\t\t    \t<\/div>\r\n\t\t\t    \t\t\r\n\r\n\t\t\t    \t\t\t\t    \t\t<p class=\"services-txt\">  Address: Hazreti \u00d6mer St., No:32,\nKarakum, Kyrenia, NORTH CYPRUS <br \/>\nTel: +90 392 815 9657<\/p>\t\r\n\t\t\t    \t\t\r\n\r\n\r\n\r\n\t\t\t    \t\t    \t    \t\t\t\t    \t\t    \t<div class=\"services-btn-part\">\r\n\t\t    \t\t    \t\t\t\t    \t\t    \t\t\r\n\t    \t\t    \t\t\t<a class=\"services-btn icon-after\" href=\"https:\/\/goo.gl\/maps\/CpLtZTP21XDpuhBe6\" target=_blank>\r\n\r\n\t    \t\t    \t\t\t\t<span class=\"btn_text\">\r\n\t    \t\t    \t\t\t\t\tShow on Map    \t\t\t\t\t\t\r\n\t    \t\t    \t\t\t\t<\/span>\r\n\r\n\t    \t\t    \t\t\t\t\t    \t\t    \t\t\t\t\t<i class=\"fa fa-angle-right\"><\/i>\r\n\t    \t\t    \t\t\t\t\r\n\t    \t\t    \t\t\t<\/a>\r\n\t\t    \t\t    \t<\/div>\r\n\r\n\r\n\r\n\t\t    \t\t    \t\r\n\t\t    \t    \t\t    \t    \t\r\n\r\n\r\n\r\n\t\t\t    <\/div>\r\n\t\t\t<\/div>\r\n\t\t<\/div>\t\r\n\t\t\r\n\t\t\t<\/div>\n\t\t\t\t<\/div>\n\t\t\t\t\t<\/div>\n\t\t<\/div>\n\t\t\t\t\t\t\t<\/div>\n\t\t<\/section>\n\t\t\t\t<section class=\"elementor-section elementor-inner-section elementor-element elementor-element-a266931 elementor-hidden-desktop elementor-hidden-tablet elementor-hidden-mobile elementor-section-boxed elementor-section-height-default elementor-section-height-default\" data-id=\"a266931\" data-element_type=\"section\">\n\t\t\t\t\t\t<div class=\"elementor-container elementor-column-gap-default\">\n\t\t\t\t\t<div class=\"elementor-column elementor-col-50 elementor-inner-column elementor-element elementor-element-5a0a49b\" data-id=\"5a0a49b\" data-element_type=\"column\">\n\t\t\t<div class=\"elementor-widget-wrap elementor-element-populated\">\n\t\t\t\t\t\t\t\t<div class=\"elementor-element elementor-element-949368d elementor-widget elementor-widget-rs-service-grid\" data-id=\"949368d\" data-element_type=\"widget\" data-widget_type=\"rs-service-grid.default\">\n\t\t\t\t<div class=\"elementor-widget-container\">\n\t\t\t\t\t\r\n\t\t<div class=\" rs-addon-services services-style1 service_shape_\">\r\n\t\t    <div class=\"services-part style9-top\">\r\n\r\n\r\n\t\t    \t\t\t\t    \t\t    \t\t\r\n\t\t    \t\r\n\t\t    \t\t\t\r\n\t\t    \t\t\t\t\t\t    \t\t\t<div class=\"services-icon  image \">\r\n\r\n\t\t\t\t\t    \t\t\r\n\t\t\t\t\t    \t\t\t\t\t\t\t\t    \t\t\t<img decoding=\"async\" class=\"main-img\" src=\"https:\/\/paralik.com\/wp-content\/uploads\/2022\/09\/magusa-carsi-photo.jpg\" alt=\"Branch and Technical Service\"\/>\r\n\t\t\t\t\t    \t\t\t\r\n\r\n\t\t\t\t\t    \t\t\r\n\t\t\t\t\t    \t\t\t\t\t\t    \t\t<\/div>\r\n\t\t\t    \t\t\r\n\r\n\t\t    \t\t\t    \t\t       \r\n\t\t\t    <div class=\"services-text\">\r\n\r\n\t\t\t    \t\r\n\r\n\t\t\t    \t\t\t\t\t    \t<div class=\"services-title\">\t\t\t\t    \t\t\r\n\t\t\t\t    \t\t\t\t\t\t    \t\t\t<h2 class=\"title\"> Branch and Technical Service<\/h2>\r\n\t\t\t\t    \t\t\t\t\t\t    \t\t\r\n\t\t\t\t    \t<\/div>\r\n\t\t\t    \t\t\r\n\r\n\t\t\t    \t\t\t\t    \t\t<p class=\"services-txt\">  Address: \u0130smet \u0130n\u00f6n\u00fc Avenue, No:1,\nFamagusta, NORTH CYPRUS <br \/>\nTel: +90 392 365 0540<\/p>\t\r\n\t\t\t    \t\t\r\n\r\n\r\n\r\n\t\t\t    \t\t    \t    \t\t\t\t    \t\t    \t<div class=\"services-btn-part\">\r\n\t\t    \t\t    \t\t\t\t    \t\t    \t\t\r\n\t    \t\t    \t\t\t<a class=\"services-btn icon-after\" href=\"https:\/\/goo.gl\/maps\/Wg2Nucmx1ehTUusv9\" target=_blank>\r\n\r\n\t    \t\t    \t\t\t\t<span class=\"btn_text\">\r\n\t    \t\t    \t\t\t\t\tShow on Map    \t\t\t\t\t\t\r\n\t    \t\t    \t\t\t\t<\/span>\r\n\r\n\t    \t\t    \t\t\t\t\t    \t\t    \t\t\t\t\t<i class=\"fa fa-angle-right\"><\/i>\r\n\t    \t\t    \t\t\t\t\r\n\t    \t\t    \t\t\t<\/a>\r\n\t\t    \t\t    \t<\/div>\r\n\r\n\r\n\r\n\t\t    \t\t    \t\r\n\t\t    \t    \t\t    \t    \t\r\n\r\n\r\n\r\n\t\t\t    <\/div>\r\n\t\t\t<\/div>\r\n\t\t<\/div>\t\r\n\t\t\r\n\t\t\t<\/div>\n\t\t\t\t<\/div>\n\t\t\t\t\t<\/div>\n\t\t<\/div>\n\t\t\t\t<div class=\"elementor-column elementor-col-50 elementor-inner-column elementor-element elementor-element-88548a8\" data-id=\"88548a8\" data-element_type=\"column\">\n\t\t\t<div class=\"elementor-widget-wrap\">\n\t\t\t\t\t\t\t\t\t<\/div>\n\t\t<\/div>\n\t\t\t\t\t\t\t<\/div>\n\t\t<\/section>\n\t\t\t\t\t<\/div>\n\t\t<\/div>\n\t\t\t\t\t\t\t<\/div>\n\t\t<\/section>\n\t\t\t\t\t\t\t<\/div>\n\t\t","protected":false},"excerpt":{"rendered":"<p>About Us Our Branches Nicosia Headquarters and Technical Service Address: Industrial Zone, 6. St., No:14, Nicosia, NORTH CYPRUS Tel: +90 392 225 3380 Show on Map Famagusta Branch &amp; Technical Service Famagusta Industrial Zone, 9. St., Famagusta, NORTH CYPRUS Tel: +90 392 365 1464 Show on Map Nicosia K.Kaymakl\u0131 Branch Address: \u015eht. Mustafa A. Ruso&#8230;<\/p>\n","protected":false},"author":1,"featured_media":0,"parent":0,"menu_order":0,"comment_status":"closed","ping_status":"closed","template":"","meta":{"footnotes":""},"class_list":["post-13824","page","type-page","status-publish","hentry"],"_links":{"self":[{"href":"https:\/\/paralik.com\/en\/wp-json\/wp\/v2\/pages\/13824","targetHints":{"allow":["GET"]}}],"collection":[{"href":"https:\/\/paralik.com\/en\/wp-json\/wp\/v2\/pages"}],"about":[{"href":"https:\/\/paralik.com\/en\/wp-json\/wp\/v2\/types\/page"}],"author":[{"embeddable":true,"href":"https:\/\/paralik.com\/en\/wp-json\/wp\/v2\/users\/1"}],"replies":[{"embeddable":true,"href":"https:\/\/paralik.com\/en\/wp-json\/wp\/v2\/comments?post=13824"}],"version-history":[{"count":26,"href":"https:\/\/paralik.com\/en\/wp-json\/wp\/v2\/pages\/13824\/revisions"}],"predecessor-version":[{"id":15125,"href":"https:\/\/paralik.com\/en\/wp-json\/wp\/v2\/pages\/13824\/revisions\/15125"}],"wp:attachment":[{"href":"https:\/\/paralik.com\/en\/wp-json\/wp\/v2\/media?parent=13824"}],"curies":[{"name":"wp","href":"https:\/\/api.w.org\/{rel}","templated":true}]}}